{"id":7,"date":"2018-03-07T01:43:09","date_gmt":"2018-03-07T01:43:09","guid":{"rendered":"http:\/\/alexandreporion.com\/?page_id=7"},"modified":"2018-03-19T01:50:48","modified_gmt":"2018-03-19T01:50:48","slug":"home","status":"publish","type":"page","link":"https:\/\/alexandreporion.com\/","title":{"rendered":""},"content":{"rendered":"<h1 style=\"text-align: center;\">Alexandre Porion<\/h1>\n<p style=\"text-align: center;\">Psychologue du d\u00e9veloppement sp\u00e9cialis\u00e9 en Psychologie, Handicaps et D\u00e9ficiences.<br \/>\n06.87.85.50.23<br \/>\nalexandre.porion.ap@gmail.com<br \/>\nN\u00b0ADELI : 60 93 0768 1<\/p>\n<p>&nbsp;<\/p>\n<p>Je travaille au <strong>P\u00f4le Sant\u00e9 Cl\u00e9menceau<\/strong> de Beauvais en collaboration avec <strong>Chrystel Henny-James<\/strong>.<\/p>\n<p>Je suis membre du <strong>Syndicat National des Psychologues<\/strong>, membre associ\u00e9 au <strong>CRP-CPO (EA7273)<\/strong>, enseignant vacataire \u00e0 l\u2019<strong>Universit\u00e9 de Picardie Jules Verne<\/strong>, et je participe activement aux recherches en psychologie avec les <strong>ECPA- Pearson France<\/strong> \u00ae et les <strong>\u00e9ditions Hogrefe<\/strong> \u00ae.<\/p>\n<p>Je r\u00e9alise l\u2019accompagnement psychologique et psychoth\u00e9rapeutique <strong>personnalis\u00e9<\/strong> d\u2019enfants, d\u2019adolescents et d\u2019adultes dans une <strong>d\u00e9marche int\u00e9grative<\/strong>.<\/p>\n<p>J\u2019effectue \u00e9galement les <strong>bilans<\/strong>, \u00e0 l\u2019aide d\u2019<strong>outils standardis\u00e9s<\/strong>, pour \u00e9valuer <strong>le fonctionnement intellectuel et cognitif<\/strong> (WPPSI-IV, WISC-V, WAIS-IV, TEA-Ch, CMS\u2026), <strong>le fonctionnement affectif et \u00e9motionnel<\/strong> (d\u00e9pression, estime de soi, anxi\u00e9t\u00e9, relation d\u2019attachement\u2026), <strong>le comportement<\/strong> (hyperactivit\u00e9, opposition, provocation), et <strong>la personnalit\u00e9<\/strong> (Big Five, dessins, Rorschach, TAT, Patte Noire\u2026)<\/p>\n<p>&nbsp;<\/p>\n<h3>Questions :<\/h3>\n<h4>Qu\u2019est-ce qu\u2019un psychologue ? Qu\u2019est-ce qu\u2019un psychologue du d\u00e9veloppement ?<\/h4>\n<p>Le psychologue est un <strong>sp\u00e9cialiste de l\u2019analyse<\/strong> de la pens\u00e9e humaine, des \u00e9motions, du comportement, de la psych\u00e9 humaine&#8230; Il effectue au minimum cinq ans d\u2019\u00e9tudes et exerce dans un cadre r\u00e9glement\u00e9 (code de d\u00e9ontologie des psychologues de mars 1996, r\u00e9vis\u00e9 en f\u00e9vrier 2012, respect du secret professionnel, n\u00b0 ADELI).<\/p>\n<p>Le psychologue du d\u00e9veloppement \u00e9tudie <strong>scientifiquement<\/strong> les changements dans le fonctionnement psychologique (fonctions cognitives, affectives, comportementales et sociales) \u00e0 l\u2019aide d\u2019outils et pour <strong>toutes les \u00e9tapes<\/strong> de la vie humaine, de la conception au vieillissement.<\/p>\n<p>Le psychologue accueille votre parole avec <strong>neutralit\u00e9<\/strong>, <strong>bienveillance<\/strong> et sans a priori. Il vous accompagne selon <strong>vos besoins<\/strong> et \u00e0 <strong>votre rythme<\/strong>.<\/p>\n<p>Le psychologue n\u2019est pas m\u00e9decin, il ne d\u00e9livre pas d\u2019ordonnances et ses consultations ne sont pas rembours\u00e9es par la s\u00e9curit\u00e9 sociale.<\/p>\n<h4>Pourquoi consulter un psychologue ?<\/h4>\n<p>Les motivations pour consulter un psychologue sont multiples et chaque demande est <strong>singuli\u00e8re<\/strong>.<\/p>\n<p>Les besoins existent et varient en <strong>fonction de l\u2019\u00e2ge et des situations<\/strong> telles qu\u2019un retard de d\u00e9veloppement, des troubles du sommeil, troubles du comportement, troubles des apprentissages, troubles de l\u2019attention, hyperactivit\u00e9, opposition, provocation, des probl\u00e8mes sociaux, dyslexie, dysorthographie, dyscalculie, difficult\u00e9s familiales, probl\u00e8mes d\u2019immaturit\u00e9, difficult\u00e9s li\u00e9es \u00e0 l\u2019orientation scolaire, questionnement sur la sexualit\u00e9, souffrance au travail, difficult\u00e9s relationnelles, inhibitions, anxi\u00e9t\u00e9, d\u00e9pression, ou l\u2019envie d&rsquo;un changement.<\/p>\n<p><strong>Parfois quelques s\u00e9ances suffisent.<\/strong><\/p>\n<p>&nbsp;<\/p>\n<h3>Bon \u00e0 savoir :<\/h3>\n<p>Les s\u00e9ances avec un psychologue ne sont pas rembours\u00e9es par la S\u00e9curit\u00e9 sociale. N\u00e9anmoins certaines <strong>compl\u00e9mentaires sant\u00e9 et\/ou mutuelles<\/strong> peuvent rembourser une partie des consultations, par exemple, AG2R La Mondiale, la MGEN, la Mutuelle Verte, le Cr\u00e9dit Agricole, Pacifica, April, la LMDE, la Matmut, la MNH,\u2026 <strong>Pensez \u00e0 vous renseigner<\/strong>.<\/p>\n<p><strong>Les consultations se font uniquement sur rendez-vous le mercredi et le samedi apr\u00e8s-midi de 14H00 \u00e0 21H00.<\/strong><\/p>\n<p>Le r\u00e8glement se fait par <strong>ch\u00e8que<\/strong> ou en <strong>esp\u00e8ces<\/strong> en fin de s\u00e9ance.<\/p>\n","protected":false},"excerpt":{"rendered":"<p>Alexandre Porion Psychologue du d\u00e9veloppement sp\u00e9cialis\u00e9 en Psychologie, Handicaps et D\u00e9ficiences. 06.87.85.50.23 alexandre.porion.ap@gmail.com N\u00b0ADELI : 60 93 0768 1 &nbsp; Je travaille au P\u00f4le Sant\u00e9 Cl\u00e9menceau de Beauvais en collaboration avec Chrystel Henny-James. Je suis membre du Syndicat National des Psychologues, membre associ\u00e9 au CRP-CPO (EA7273), enseignant vacataire \u00e0 l\u2019Universit\u00e9 de Picardie Jules Verne, et &hellip; <a href=\"https:\/\/alexandreporion.com\/\" class=\"more-link\">Continue reading<span class=\"screen-reader-text\"> \u00ab\u00a0\u00a0\u00bb<\/span><\/a><\/p>\n","protected":false},"author":1,"featured_media":0,"parent":0,"menu_order":0,"comment_status":"closed","ping_status":"closed","template":"","meta":{"footnotes":""},"class_list":["post-7","page","type-page","status-publish","hentry","hfeed"],"_links":{"self":[{"href":"https:\/\/alexandreporion.com\/index.php?rest_route=\/wp\/v2\/pages\/7","targetHints":{"allow":["GET"]}}],"collection":[{"href":"https:\/\/alexandreporion.com\/index.php?rest_route=\/wp\/v2\/pages"}],"about":[{"href":"https:\/\/alexandreporion.com\/index.php?rest_route=\/wp\/v2\/types\/page"}],"author":[{"embeddable":true,"href":"https:\/\/alexandreporion.com\/index.php?rest_route=\/wp\/v2\/users\/1"}],"replies":[{"embeddable":true,"href":"https:\/\/alexandreporion.com\/index.php?rest_route=%2Fwp%2Fv2%2Fcomments&post=7"}],"version-history":[{"count":3,"href":"https:\/\/alexandreporion.com\/index.php?rest_route=\/wp\/v2\/pages\/7\/revisions"}],"predecessor-version":[{"id":35,"href":"https:\/\/alexandreporion.com\/index.php?rest_route=\/wp\/v2\/pages\/7\/revisions\/35"}],"wp:attachment":[{"href":"https:\/\/alexandreporion.com\/index.php?rest_route=%2Fwp%2Fv2%2Fmedia&parent=7"}],"curies":[{"name":"wp","href":"https:\/\/api.w.org\/{rel}","templated":true}]}}